{"id":838,"date":"2019-11-11T18:34:41","date_gmt":"2019-11-11T18:34:41","guid":{"rendered":"https:\/\/fidoveritas.com\/contact-us\/"},"modified":"2019-11-14T10:00:43","modified_gmt":"2019-11-14T10:00:43","slug":"kontakt","status":"publish","type":"page","link":"https:\/\/fidoveritas.com\/bs\/kontakt\/","title":{"rendered":"Kontakt"},"content":{"rendered":"<h4> Fido Veritas <\/h4>\n<p>nudi sveobuhvatne i profesionalne usluge u oblasti prodaje i izdavanja nekretnina i projektovanja.<\/p>\n<p>Ono \u0161to nas isti\u010de na tr\u017ei\u0161tu je isporuka stvarnih informacija i besplatno pru\u017eanje dodatnih usluga za sve na\u0161e klijente u realizovanim projektima.<\/p>\n","protected":false},"excerpt":{"rendered":"<p>Fido Veritas nudi sveobuhvatne i profesionalne usluge u oblasti prodaje i izdavanja nekretnina i projektovanja. Ono \u0161to nas isti\u010de na tr\u017ei\u0161tu je isporuka stvarnih informacija i besplatno pru\u017eanje dodatnih usluga za sve na\u0161e klijente u realizovanim projektima.<\/p>\n","protected":false},"author":1,"featured_media":0,"parent":0,"menu_order":0,"comment_status":"closed","ping_status":"closed","template":"page-templates\/template-page-contact.php","meta":{"footnotes":""},"class_list":["post-838","page","type-page","status-publish","hentry"],"acf":[],"aioseo_notices":[],"_links":{"self":[{"href":"https:\/\/fidoveritas.com\/bs\/wp-json\/wp\/v2\/pages\/838","targetHints":{"allow":["GET"]}}],"collection":[{"href":"https:\/\/fidoveritas.com\/bs\/wp-json\/wp\/v2\/pages"}],"about":[{"href":"https:\/\/fidoveritas.com\/bs\/wp-json\/wp\/v2\/types\/page"}],"author":[{"embeddable":true,"href":"https:\/\/fidoveritas.com\/bs\/wp-json\/wp\/v2\/users\/1"}],"replies":[{"embeddable":true,"href":"https:\/\/fidoveritas.com\/bs\/wp-json\/wp\/v2\/comments?post=838"}],"version-history":[{"count":2,"href":"https:\/\/fidoveritas.com\/bs\/wp-json\/wp\/v2\/pages\/838\/revisions"}],"predecessor-version":[{"id":840,"href":"https:\/\/fidoveritas.com\/bs\/wp-json\/wp\/v2\/pages\/838\/revisions\/840"}],"wp:attachment":[{"href":"https:\/\/fidoveritas.com\/bs\/wp-json\/wp\/v2\/media?parent=838"}],"curies":[{"name":"wp","href":"https:\/\/api.w.org\/{rel}","templated":true}]}}