{"id":830,"date":"2019-11-13T22:29:25","date_gmt":"2019-11-13T22:29:25","guid":{"rendered":"https:\/\/fidoveritas.com\/about-us\/"},"modified":"2019-11-14T09:15:32","modified_gmt":"2019-11-14T09:15:32","slug":"o-nama","status":"publish","type":"page","link":"https:\/\/fidoveritas.com\/bs\/o-nama\/","title":{"rendered":"O nama"},"content":{"rendered":"<section class=\"wpb-content-wrapper\"><p>[vc_row][vc_column][vc_single_image image=&#8221;805&#8243; img_size=&#8221;full&#8221; alignment=&#8221;center&#8221;][\/vc_column][\/vc_row][vc_row][vc_column width=&#8221;1\/3&#8243; el_id=&#8221;about-column-1&#8243;][vc_column_text css_animation=&#8221;top-to-bottom&#8221;]<\/p>\n<h3 style=\"text-align: center;\"><span style=\"color: #032e5b;\"><strong>Prodaja nepokretnosti<\/strong><\/span><\/h3>\n<p>[\/vc_column_text][vc_column_text css_animation=&#8221;top-to-bottom&#8221;]<\/p>\n<p style=\"font-size: 18px; text-align: center;\">Stanova, ku\u0107a, poslovnih objekata, gradjevinskih i svih drugih placeva u zemlji i regionu<\/p>\n<p>[\/vc_column_text][\/vc_column][vc_column width=&#8221;1\/3&#8243; el_id=&#8221;about-column-2&#8243;][vc_column_text css_animation=&#8221;top-to-bottom&#8221;]<\/p>\n<h3 style=\"text-align: center;\"><span style=\"color: #032e5b;\"><strong>Izdavanje nepokretnosti<\/strong><\/span><\/h3>\n<p>[\/vc_column_text][vc_column_text css_animation=&#8221;top-to-bottom&#8221;]<\/p>\n<p style=\"font-size: 18px; text-align: center;\">Stanova, ku\u0107a, poslovnih objekata, gradjevinskih i svih drugih placeva u zemlji i regionu<\/p>\n<p>[\/vc_column_text][\/vc_column][vc_column width=&#8221;1\/3&#8243; el_id=&#8221;about-column-3&#8243;][vc_column_text css_animation=&#8221;top-to-bottom&#8221;]<\/p>\n<h3 style=\"text-align: center;\"><span style=\"color: #032e5b;\"><strong>Prodaja, zakup i partnerstvo<\/strong><\/span><\/h3>\n<p>[\/vc_column_text][vc_column_text css_animation=&#8221;top-to-bottom&#8221;]<\/p>\n<p style=\"font-size: 18px; text-align: center;\">Svih pravnih lica, proizvodne i neproizvodne djelatnosti iz ugostiteljstva turistickih projekata i svih ostalih<\/p>\n<p>[\/vc_column_text][\/vc_column][\/vc_row][vc_row][vc_column][vc_empty_space][\/vc_column][\/vc_row][vc_row full_width=&#8221;stretch_row&#8221;][vc_column][vc_column_text css_animation=&#8221;top-to-bottom&#8221;]<\/p>\n<h1 style=\"text-align: center;\"><span style=\"color: #032e5b;\"><strong>Agencija Fido Veritas nudi usluge<\/strong><\/span><\/h1>\n<p>[\/vc_column_text][vc_empty_space height=&#8221;15px&#8221;][\/vc_column][\/vc_row][vc_row full_width=&#8221;stretch_row&#8221; el_class=&#8221;usluge&#8221;][vc_column][vc_column_text]<span style=\"font-size: 18px;\">Projektovanje svih investicionih projekata u zemlji i regionu kao \u0161to su:<\/span>[\/vc_column_text][\/vc_column][vc_column width=&#8221;1\/3&#8243;][vc_column_text css_animation=&#8221;left-to-right&#8221;]<span style=\"font-size: 18px;\">1. Turisti\u010dki, gra\u0111evinski, poljoprivredni, obrazovni i ostali<\/span>[\/vc_column_text][\/vc_column][vc_column width=&#8221;1\/3&#8243;][vc_column_text css_animation=&#8221;top-to-bottom&#8221;]<span style=\"font-size: 18px;\">2. Posredovanje u anga\u017eovanju pravne struke, anga\u017eovanje projektantskog biroa i gra\u0111evinskih firmi do realizacije projekta<\/span>[\/vc_column_text][\/vc_column][vc_column width=&#8221;1\/3&#8243;][vc_column_text css_animation=&#8221;right-to-left&#8221;]<span style=\"font-size: 18px;\">3. Posredovanje u realizaciji svih prodatih i zakupljenih nepokretnosti kako kod fizi\u010dkih tako i pravnih lica<\/span>[\/vc_column_text][\/vc_column][\/vc_row][vc_row full_width=&#8221;stretch_row&#8221;][vc_column][vc_column_text css_animation=&#8221;top-to-bottom&#8221;]<\/p>\n<h1 style=\"text-align: center;\"><span style=\"color: #032e5b;\"><strong>Dalje navedene usluge su namjenjene za na\u0161e klijente u realizovanim projektima<\/strong><\/span><\/h1>\n<p>[\/vc_column_text][vc_column_text css_animation=&#8221;top-to-bottom&#8221;]<span style=\"color: #2c3e50; font-size: 18px;\">Obezbije\u0111ivanje uslu\u017enih djelatnosti kao \u0161to su anga\u017eovanje slede\u0107eg<\/span>:<\/p>\n<ul style=\"font-size: 18px;\">\n<li>anga\u017eovanje animatora i bebisitera za djecu<\/li>\n<li>briga o ku\u0107nim ljubincima<\/li>\n<li>kuvar za intimne ru\u010dkove, ve\u010dere i sl<\/li>\n<li>rentacar i taxi usluga i usluga prevoza<\/li>\n<li>firma za opremanje objekata<\/li>\n<li>firma za odr\u017eavanje objekata (\u010di\u0161\u0107enje, ba\u0161tovanstvo, Haus Majstor i majstor)<\/li>\n<\/ul>\n<p>[\/vc_column_text][\/vc_column][\/vc_row]<\/p>\n<\/section>","protected":false},"excerpt":{"rendered":"<p>[vc_row][vc_column][vc_single_image image=&#8221;805&#8243; img_size=&#8221;full&#8221; alignment=&#8221;center&#8221;][\/vc_column][\/vc_row][vc_row][vc_column width=&#8221;1\/3&#8243; el_id=&#8221;about-column-1&#8243;][vc_column_text css_animation=&#8221;top-to-bottom&#8221;] Prodaja nepokretnosti [\/vc_column_text][vc_column_text css_animation=&#8221;top-to-bottom&#8221;] Stanova, ku\u0107a, poslovnih objekata, gradjevinskih i svih drugih placeva u zemlji i regionu [\/vc_column_text][\/vc_column][vc_column width=&#8221;1\/3&#8243; el_id=&#8221;about-column-2&#8243;][vc_column_text css_animation=&#8221;top-to-bottom&#8221;] Izdavanje nepokretnosti [\/vc_column_text][vc_column_text css_animation=&#8221;top-to-bottom&#8221;] Stanova, ku\u0107a, poslovnih objekata, gradjevinskih i svih drugih placeva u zemlji i regionu [\/vc_column_text][\/vc_column][vc_column width=&#8221;1\/3&#8243; el_id=&#8221;about-column-3&#8243;][vc_column_text css_animation=&#8221;top-to-bottom&#8221;] Prodaja, zakup i partnerstvo [\/vc_column_text][vc_column_text css_animation=&#8221;top-to-bottom&#8221;] [&hellip;]<\/p>\n","protected":false},"author":1,"featured_media":0,"parent":0,"menu_order":0,"comment_status":"closed","ping_status":"closed","template":"","meta":{"footnotes":""},"class_list":["post-830","page","type-page","status-publish","hentry"],"acf":[],"aioseo_notices":[],"_links":{"self":[{"href":"https:\/\/fidoveritas.com\/bs\/wp-json\/wp\/v2\/pages\/830","targetHints":{"allow":["GET"]}}],"collection":[{"href":"https:\/\/fidoveritas.com\/bs\/wp-json\/wp\/v2\/pages"}],"about":[{"href":"https:\/\/fidoveritas.com\/bs\/wp-json\/wp\/v2\/types\/page"}],"author":[{"embeddable":true,"href":"https:\/\/fidoveritas.com\/bs\/wp-json\/wp\/v2\/users\/1"}],"replies":[{"embeddable":true,"href":"https:\/\/fidoveritas.com\/bs\/wp-json\/wp\/v2\/comments?post=830"}],"version-history":[{"count":1,"href":"https:\/\/fidoveritas.com\/bs\/wp-json\/wp\/v2\/pages\/830\/revisions"}],"predecessor-version":[{"id":831,"href":"https:\/\/fidoveritas.com\/bs\/wp-json\/wp\/v2\/pages\/830\/revisions\/831"}],"wp:attachment":[{"href":"https:\/\/fidoveritas.com\/bs\/wp-json\/wp\/v2\/media?parent=830"}],"curies":[{"name":"wp","href":"https:\/\/api.w.org\/{rel}","templated":true}]}}