{"id":728,"date":"2019-11-10T18:26:41","date_gmt":"2019-11-10T18:26:41","guid":{"rendered":"https:\/\/fidoveritas.com\/home-fido-veritas\/"},"modified":"2019-12-21T01:16:58","modified_gmt":"2019-12-21T01:16:58","slug":"home-fido-veritas","status":"publish","type":"page","link":"https:\/\/fidoveritas.com\/bs\/","title":{"rendered":"Po\u010detna"},"content":{"rendered":"<section class=\"wpb-content-wrapper\"><p>[vc_row full_width=&#8221;stretch_row_content_no_spaces&#8221; css=&#8221;.vc_custom_1573616659115{background-image: url(https:\/\/fidoveritas.com\/wp-content\/uploads\/2019\/11\/fido-veritas-home-02.jpg?id=703) !important;}&#8221; el_class=&#8221;banner&#8211;overlay&#8221;][vc_column css=&#8221;.vc_custom_1466700872272{padding-top: 0px !important;}&#8221;][cf47rs_section_hero title=&#8221;Nudimo najbolje ponude nekretnina u Crnoj Gori&#8221; subtitle=&#8221;Na kvalitetan i profesionalan na\u010din bavimo se svim va\u0161im potrebama u kupovini, investiranju i iznajmljivanju nekretnina u na\u0161oj zemlji&#8221; action_text=&#8221;Pretra\u017eite&#8221; scroll_text=&#8221;Scroll down to explore&#8221;][cf47rs_search_field field_name=&#8221;location&#8221;][cf47rs_search_field field_name=&#8221;contract_type&#8221;][cf47rs_search_field field_name=&#8221;property_type&#8221;][cf47rs_search_field field_name=&#8221;price&#8221;][\/cf47rs_section_hero][\/vc_column][\/vc_row][vc_row full_width=&#8221;stretch_row_content_no_spaces&#8221;][vc_column css=&#8221;.vc_custom_1467988013893{padding-top: 0px !important;}&#8221;][cf47rs_section_property_group title=&#8221;Izdvajamo iz ponude&#8221; subtitle=&#8221;Fito Veritas agencija za nekretnine nudi nepokretnosti za prodaju i izdavanje &#8211; stanove, ku\u0107e, poslovne prostore, gra\u0111evinske i sve druge placeve u zemlji i regionu&#8221; css=&#8221;.vc_custom_1573772795278{padding-top: 0px !important;}&#8221;][cf47rs_section_property_group_tab title=&#8221;PRODAJA&#8221; data_type=&#8221;specific&#8221; data_include=&#8221;2206, 2238, 2160, 2230, 2060, 1471&#8243;][cf47rs_section_property_group_tab title=&#8221;IZDAVANJE&#8221; data_type=&#8221;specific&#8221; data_include=&#8221;2333, 2442, 1932, 1846, 2587, 1725&#8243;][\/cf47rs_section_property_group][\/vc_column][\/vc_row][vc_row full_width=&#8221;stretch_row_content&#8221;][vc_column width=&#8221;1\/2&#8243;][vc_btn title=&#8221;POGLEDAJ SVE NEKRETNINE ZA PRODAJU&#8221; style=&#8221;flat&#8221; color=&#8221;primary&#8221; align=&#8221;center&#8221; button_block=&#8221;true&#8221; link=&#8221;url:https%3A%2F%2Ffidoveritas.com%2Fbs%2Fproperty_contract%2Fprodaja%2F|title:Prodaja||&#8221;][\/vc_column][vc_column width=&#8221;1\/2&#8243;][vc_btn title=&#8221;POGLEDAJ SVE NEKRETNINE ZA IZDAVANJE&#8221; style=&#8221;flat&#8221; color=&#8221;primary&#8221; align=&#8221;center&#8221; button_block=&#8221;true&#8221; link=&#8221;url:https%3A%2F%2Ffidoveritas.com%2Fbs%2Fproperty_contract%2Fizdavanje%2F|title:Prodaja||&#8221;][\/vc_column][\/vc_row][vc_row full_width=&#8221;stretch_row_content_no_spaces&#8221; css=&#8221;.vc_custom_1467987973009{padding-top: 0px !important;background-color: #ffffff !important;}&#8221;][vc_column css=&#8221;.vc_custom_1467988153317{padding-top: 0px !important;}&#8221;][cf47rs_section_features title=&#8221;Na\u0161a misija&#8221; subtitle=&#8221;Fido Veritas nudi sveobuhvatne i profesionalne usluge u oblasti prodaje i izdavanja nekretnina i projektovanja.Ono \u0161to nas isti\u010de na tr\u017ei\u0161tu je isporuka stvarnih informacija i besplatno pru\u017eanje dodatnih usluga za sve na\u0161e klijente u realizovanim projektima.&#8221; side_image=&#8221;706&#8243; css=&#8221;.vc_custom_1573675685228{padding-top: 0px !important;}&#8221;][cf47rs_section_features_item label=&#8221;Prodaja nepokretnosti&#8221; add_icon=&#8221;true&#8221; icon_type=&#8221;svg&#8221; icon_svg=&#8221;svg-icon svg-icon-money-save&#8221;]Stanova, ku\u0107a, poslovnih objekata, gra\u0111evinskih i svih drugih placeva u zemlji i regionu[\/cf47rs_section_features_item][cf47rs_section_features_item label=&#8221;Izdavanje nepokretnosti&#8221; add_icon=&#8221;true&#8221; icon_type=&#8221;svg&#8221; icon_svg=&#8221;svg-icon svg-icon-agency&#8221;]Stanova, ku\u0107a, poslovnih objekata, gra\u0111evinskih i svih drugih placeva u zemlji i regionu[\/cf47rs_section_features_item][cf47rs_section_features_item label=&#8221;Prodaja&#8221; add_icon=&#8221;true&#8221; icon_type=&#8221;svg&#8221; icon_svg=&#8221;svg-icon svg-icon-property-edit&#8221;]Svih pravnih lica, proizvodnih djelatnosti i neproizvodne djelatnosti iz ugostiteljstva, turisti\u010dkih projekata i svih ostalih[\/cf47rs_section_features_item][cf47rs_section_features_item label=&#8221;Usluge&#8221; add_icon=&#8221;true&#8221; icon_type=&#8221;svg&#8221; icon_svg=&#8221;svg-icon svg-icon-comfort&#8221;]Posredovanje u realizaciji svih prodatih i zakupljenih nepokretnosti fizickih i pravnih lica[\/cf47rs_section_features_item][\/cf47rs_section_features][\/vc_column][\/vc_row][vc_row full_width=&#8221;stretch_row_content_no_spaces&#8221;][vc_column][cf47rs_section_posts title=&#8221;NOVOSTI I BLOG&#8221; data_max_items=&#8221;3&#8243;][\/vc_column][\/vc_row][vc_row full_width=&#8221;stretch_row_content_no_spaces&#8221; css=&#8221;.vc_custom_1573618504730{background-image: url(https:\/\/fidoveritas.com\/wp-content\/uploads\/2019\/11\/fido-veritas-montenegro-03.jpg?id=711) !important;background-position: center !important;background-repeat: no-repeat !important;background-size: cover !important;}&#8221;][vc_column css=&#8221;.vc_custom_1466700899805{padding-top: 0px !important;padding-bottom: 0px !important;}&#8221;][cf47rs_section_counter][cf47rs_section_counter_item count_to=&#8221;150&#8243; label=&#8221;PRODATIH NEKRETNINA&#8221; add_icon=&#8221;true&#8221; icon_type=&#8221;svg&#8221; icon_svg=&#8221;svg-icon svg-icon-add-listing&#8221; counter_duration=&#8221;1&#8243;][cf47rs_section_counter_item count_to=&#8221;275&#8243; label=&#8221;IZDATIH NEKRETNINA&#8221; add_icon=&#8221;true&#8221; icon_type=&#8221;svg&#8221; icon_svg=&#8221;svg-icon svg-icon-agency&#8221; counter_duration=&#8221;1&#8243;][cf47rs_section_counter_item count_to=&#8221;7&#8243; label=&#8221;ZAVR\u0160ENIH PROJEKATA&#8221; add_icon=&#8221;true&#8221; icon_type=&#8221;svg&#8221; icon_svg=&#8221;svg-icon svg-icon-get&#8211;review&#8221; counter_duration=&#8221;1&#8243;][cf47rs_section_counter_item count_to=&#8221;432&#8243; label=&#8221;ZADOVOLJNIH KLIJENATA&#8221; add_icon=&#8221;true&#8221; icon_type=&#8221;svg&#8221; icon_svg=&#8221;svg-icon svg-icon-customers&#8221; counter_duration=&#8221;1&#8243;][\/cf47rs_section_counter][\/vc_column][\/vc_row][vc_row full_width=&#8221;stretch_row_content_no_spaces&#8221;][vc_column][cf47rs_section_testimonials title=&#8221;ZADOVOLJNI KLIJENTI&#8221; data_max_items=&#8221;5&#8243;][\/vc_column][\/vc_row]<\/p>\n<\/section>","protected":false},"excerpt":{"rendered":"<p>[vc_row full_width=&#8221;stretch_row_content_no_spaces&#8221; css=&#8221;.vc_custom_1573616659115{background-image: url(https:\/\/fidoveritas.com\/wp-content\/uploads\/2019\/11\/fido-veritas-home-02.jpg?id=703) !important;}&#8221; el_class=&#8221;banner&#8211;overlay&#8221;][vc_column css=&#8221;.vc_custom_1466700872272{padding-top: 0px !important;}&#8221;][cf47rs_section_hero title=&#8221;Nudimo najbolje ponude nekretnina u Crnoj Gori&#8221; subtitle=&#8221;Na kvalitetan i profesionalan na\u010din bavimo se svim va\u0161im potrebama u kupovini, investiranju i iznajmljivanju nekretnina u na\u0161oj zemlji&#8221; action_text=&#8221;Pretra\u017eite&#8221; scroll_text=&#8221;Scroll down to explore&#8221;][cf47rs_search_field field_name=&#8221;location&#8221;][cf47rs_search_field field_name=&#8221;contract_type&#8221;][cf47rs_search_field field_name=&#8221;property_type&#8221;][cf47rs_search_field field_name=&#8221;price&#8221;][\/cf47rs_section_hero][\/vc_column][\/vc_row][vc_row full_width=&#8221;stretch_row_content_no_spaces&#8221;][vc_column css=&#8221;.vc_custom_1467988013893{padding-top: 0px !important;}&#8221;][cf47rs_section_property_group title=&#8221;Izdvajamo iz ponude&#8221; subtitle=&#8221;Fito Veritas agencija za [&hellip;]<\/p>\n","protected":false},"author":1,"featured_media":0,"parent":0,"menu_order":0,"comment_status":"closed","ping_status":"closed","template":"page-templates\/template-vc.php","meta":{"footnotes":""},"class_list":["post-728","page","type-page","status-publish","hentry"],"acf":[],"aioseo_notices":[],"_links":{"self":[{"href":"https:\/\/fidoveritas.com\/bs\/wp-json\/wp\/v2\/pages\/728","targetHints":{"allow":["GET"]}}],"collection":[{"href":"https:\/\/fidoveritas.com\/bs\/wp-json\/wp\/v2\/pages"}],"about":[{"href":"https:\/\/fidoveritas.com\/bs\/wp-json\/wp\/v2\/types\/page"}],"author":[{"embeddable":true,"href":"https:\/\/fidoveritas.com\/bs\/wp-json\/wp\/v2\/users\/1"}],"replies":[{"embeddable":true,"href":"https:\/\/fidoveritas.com\/bs\/wp-json\/wp\/v2\/comments?post=728"}],"version-history":[{"count":21,"href":"https:\/\/fidoveritas.com\/bs\/wp-json\/wp\/v2\/pages\/728\/revisions"}],"predecessor-version":[{"id":3590,"href":"https:\/\/fidoveritas.com\/bs\/wp-json\/wp\/v2\/pages\/728\/revisions\/3590"}],"wp:attachment":[{"href":"https:\/\/fidoveritas.com\/bs\/wp-json\/wp\/v2\/media?parent=728"}],"curies":[{"name":"wp","href":"https:\/\/api.w.org\/{rel}","templated":true}]}}